{"id":2,"date":"2016-07-06T17:51:36","date_gmt":"2016-07-06T17:51:36","guid":{"rendered":"http:\/\/www.mbetong.ipage.no\/?page_id=2"},"modified":"2024-02-20T10:42:25","modified_gmt":"2024-02-20T09:42:25","slug":"home","status":"publish","type":"page","link":"https:\/\/mbetong.no\/","title":{"rendered":"HOME"},"content":{"rendered":"<div class=\"fusion-fullwidth fullwidth-box fusion-builder-row-1 faded-background fusion-parallax-fixed nonhundred-percent-fullwidth non-hundred-percent-height-scrolling\" style=\"--awb-background-position:left top;--awb-border-radius-top-left:0px;--awb-border-radius-top-right:0px;--awb-border-radius-bottom-right:0px;--awb-border-radius-bottom-left:0px;--awb-padding-top:30px;--awb-padding-bottom:30px;--awb-background-size:cover;--awb-flex-wrap:wrap;background-attachment:fixed;\" ><div class=\"fullwidth-faded\" style=\"--awb-background-position:left top;--awb-background-parallax:fixed;--awb-background-image:url(http:\/\/www.mbetong.ipage.no\/wp-content\/uploads\/2016\/07\/betong_web.jpg);--awb-background-size:cover;\" ><\/div><div class=\"fusion-builder-row fusion-row\"><div class=\"fusion-layout-column fusion_builder_column fusion-builder-column-0 fusion_builder_column_1_1 1_1 fusion-one-full fusion-column-first fusion-column-last\" style=\"--awb-padding-right:40px;--awb-padding-bottom:50px;--awb-bg-size:cover;\"><div class=\"fusion-column-wrapper fusion-flex-column-wrapper-legacy\"><div class=\"fusion-image-element fusion-image-align-center in-legacy-container\" style=\"text-align:center;--awb-caption-title-font-family:var(--h2_typography-font-family);--awb-caption-title-font-weight:var(--h2_typography-font-weight);--awb-caption-title-font-style:var(--h2_typography-font-style);--awb-caption-title-size:var(--h2_typography-font-size);--awb-caption-title-transform:var(--h2_typography-text-transform);--awb-caption-title-line-height:var(--h2_typography-line-height);--awb-caption-title-letter-spacing:var(--h2_typography-letter-spacing);\"><div class=\"imageframe-align-center\"><span class=\" fusion-imageframe imageframe-none imageframe-1 hover-type-zoomin\"><a class=\"fusion-no-lightbox\" href=\"https:\/\/mbetong.no\/wp-content\/uploads\/2024\/02\/Produktkatalog-2024_edit-1.pdf\" target=\"_self\" aria-label=\"Skjermbilde 2024-02-20 kl. 09.40.09\"><img decoding=\"async\" width=\"213\" height=\"300\" src=\"https:\/\/mbetong.no\/wp-content\/uploads\/2024\/02\/Skjermbilde-2024-02-20-kl.-09.40.09-213x300.png\" alt class=\"img-responsive wp-image-5046\" srcset=\"https:\/\/mbetong.no\/wp-content\/uploads\/2024\/02\/Skjermbilde-2024-02-20-kl.-09.40.09-200x282.png 200w, https:\/\/mbetong.no\/wp-content\/uploads\/2024\/02\/Skjermbilde-2024-02-20-kl.-09.40.09-400x565.png 400w, https:\/\/mbetong.no\/wp-content\/uploads\/2024\/02\/Skjermbilde-2024-02-20-kl.-09.40.09-600x847.png 600w, https:\/\/mbetong.no\/wp-content\/uploads\/2024\/02\/Skjermbilde-2024-02-20-kl.-09.40.09.png 671w\" sizes=\"(max-width: 800px) 100vw, 213px\" \/><\/a><\/span><\/div><\/div><div class=\"fusion-aligncenter\"><a class=\"fusion-button button-flat fusion-button-default-size button-blue fusion-button-blue button-1 fusion-button-default-span fusion-button-default-type\" target=\"_self\" href=\"https:\/\/mbetong.no\/wp-content\/uploads\/2024\/02\/Produktkatalog-2024_edit-1.pdf\"><i class=\"fa-arrow-right fas button-icon-left\" aria-hidden=\"true\"><\/i><span class=\"fusion-button-text\">Produktkatalog<\/span><\/a><\/div><div class=\"fusion-clearfix\"><\/div><\/div><\/div><\/div><\/div><div class=\"fusion-fullwidth fullwidth-box fusion-builder-row-2 faded-background fusion-parallax-fixed nonhundred-percent-fullwidth non-hundred-percent-height-scrolling\" style=\"--awb-background-position:left top;--awb-border-radius-top-left:0px;--awb-border-radius-top-right:0px;--awb-border-radius-bottom-right:0px;--awb-border-radius-bottom-left:0px;--awb-padding-top:30px;--awb-padding-bottom:30px;--awb-background-size:cover;--awb-flex-wrap:wrap;background-attachment:fixed;\" ><div class=\"fullwidth-faded\" style=\"--awb-background-position:left top;--awb-background-parallax:fixed;--awb-background-image:url(http:\/\/www.mbetong.ipage.no\/wp-content\/uploads\/2016\/07\/betong_web.jpg);--awb-background-size:cover;\" ><\/div><div class=\"fusion-builder-row fusion-row\"><div class=\"fusion-layout-column fusion_builder_column fusion-builder-column-1 fusion_builder_column_1_1 1_1 fusion-one-full fusion-column-first fusion-column-last\" style=\"--awb-padding-top:0px;--awb-padding-right:0px;--awb-padding-bottom:50px;--awb-padding-left:0px;--awb-bg-size:cover;\"><div class=\"fusion-column-wrapper fusion-flex-column-wrapper-legacy\"><div class=\"fusion-text fusion-text-1\"><h1>Hvem er vi?<\/h1>\n<\/div><div class=\"fusion-sep-clear\"><\/div><div class=\"fusion-separator fusion-full-width-sep\" style=\"margin-left: auto;margin-right: auto;margin-top:5px;width:100%;\"><\/div><div class=\"fusion-sep-clear\"><\/div><div class=\"fusion-sep-clear\"><\/div><div class=\"fusion-separator fusion-full-width-sep\" style=\"margin-left: auto;margin-right: auto;margin-top:20px;width:100%;\"><\/div><div class=\"fusion-sep-clear\"><\/div><div class=\"fusion-text fusion-text-2\"><p>Midt Norsk betong ble startet i 1953 og er en av kommunens eldste industribedrifter. Vi produserer betongr\u00f8r, kummer og andre spesialprodukter. Bedriften er lokalt eid og er lokalisert i Mosj\u00f8en, p\u00e5 samme sted som ved oppstart i 1952. Gjennom v\u00e5rt medlemskap i Basal og Fabeko deltar vi i omfattende produktutvikling og har et aktivt kvalitetsarbeid for hele tiden \u00e5 v\u00e6re i fremste rekke innen VA-bransjen og ferdigbetongbransjen. Vi preges av v\u00e5re kreative ansatte og er en beslutningsdyktig organisasjon der kundens behov settes i fremste rekke. Ansatte i produksjonen har fagbrev innen betongindustrifaget og bedriften har avanserte produksjonsmidler for VA-produkter, ferdigbetong og investerer fortl\u00f8pende i ny teknologi.<\/p>\n<p>Bedriften forbruker fra 10.000 til 20.000 tonn lokalprodusert tilslag pr. \u00e5r i produksjonen. Volum er avhengig av aktivitet i markedsomr\u00e5det som for betongvarer i hovedsak er Helgelandsregionen. Mens markedet for ferdigbetong i all hovedsak er kommunene Vefsn, Grane og Hattfjelldal samt deler av Leirfjord kommune.<\/p>\n<\/div><div class=\"fusion-sep-clear\"><\/div><div class=\"fusion-separator fusion-full-width-sep\" style=\"margin-left: auto;margin-right: auto;margin-top:5px;width:100%;\"><\/div><div class=\"fusion-sep-clear\"><\/div><div class=\"fusion-text fusion-text-3\"><h1 style=\"text-align: left;\"><span style=\"color: #333333; font-size: 18pt;\">Ta gjerne kontakt<\/span><\/h1>\n<\/div><div class=\"fusion-alignleft\"><a class=\"fusion-button button-flat fusion-button-default-size button-darkgray fusion-button-darkgray button-2 fusion-button-default-span \" target=\"_self\" href=\"https:\/\/mbetong.no\/?page_id=4089\"><i class=\"fa-play fas button-icon-left\" aria-hidden=\"true\"><\/i><span class=\"fusion-button-text\">Kontakt info<\/span><\/a><\/div><div class=\"fusion-clearfix\"><\/div><\/div><\/div><\/div><\/div><div class=\"fusion-fullwidth fullwidth-box fusion-builder-row-3 nonhundred-percent-fullwidth non-hundred-percent-height-scrolling\" style=\"--awb-border-radius-top-left:0px;--awb-border-radius-top-right:0px;--awb-border-radius-bottom-right:0px;--awb-border-radius-bottom-left:0px;--awb-padding-top:20px;--awb-padding-bottom:20px;--awb-flex-wrap:wrap;\" ><div class=\"fusion-builder-row fusion-row\"><div class=\"fusion-layout-column fusion_builder_column fusion-builder-column-2 fusion_builder_column_1_3 1_3 fusion-one-third fusion-column-first\" style=\"--awb-bg-size:cover;width:33.333333333333%;width:calc(33.333333333333% - ( ( 4% + 4% ) * 0.33333333333333 ) );margin-right: 4%;\"><div class=\"fusion-column-wrapper fusion-flex-column-wrapper-legacy\"><div class=\"fusion-image-element in-legacy-container\" style=\"--awb-caption-title-font-family:var(--h2_typography-font-family);--awb-caption-title-font-weight:var(--h2_typography-font-weight);--awb-caption-title-font-style:var(--h2_typography-font-style);--awb-caption-title-size:var(--h2_typography-font-size);--awb-caption-title-transform:var(--h2_typography-text-transform);--awb-caption-title-line-height:var(--h2_typography-line-height);--awb-caption-title-letter-spacing:var(--h2_typography-letter-spacing);\"><span class=\" fusion-imageframe imageframe-none imageframe-2 hover-type-none\"><img decoding=\"async\" width=\"3852\" height=\"2529\" title=\"bilde1\" src=\"http:\/\/www.mbetong.ipage.no\/wp-content\/uploads\/2016\/07\/bilde1-3.jpg\" alt class=\"img-responsive wp-image-4776\" srcset=\"https:\/\/mbetong.no\/wp-content\/uploads\/2016\/07\/bilde1-3-200x131.jpg 200w, https:\/\/mbetong.no\/wp-content\/uploads\/2016\/07\/bilde1-3-400x263.jpg 400w, https:\/\/mbetong.no\/wp-content\/uploads\/2016\/07\/bilde1-3-600x394.jpg 600w, https:\/\/mbetong.no\/wp-content\/uploads\/2016\/07\/bilde1-3-800x525.jpg 800w, https:\/\/mbetong.no\/wp-content\/uploads\/2016\/07\/bilde1-3-1200x788.jpg 1200w, https:\/\/mbetong.no\/wp-content\/uploads\/2016\/07\/bilde1-3.jpg 3852w\" sizes=\"(max-width: 800px) 100vw, 400px\" \/><\/span><\/div><div class=\"fusion-clearfix\"><\/div><\/div><\/div><div class=\"fusion-layout-column fusion_builder_column fusion-builder-column-3 fusion_builder_column_1_3 1_3 fusion-one-third\" style=\"--awb-bg-size:cover;width:33.333333333333%;width:calc(33.333333333333% - ( ( 4% + 4% ) * 0.33333333333333 ) );margin-right: 4%;\"><div class=\"fusion-column-wrapper fusion-flex-column-wrapper-legacy\"><div class=\"fusion-image-element in-legacy-container\" style=\"--awb-caption-title-font-family:var(--h2_typography-font-family);--awb-caption-title-font-weight:var(--h2_typography-font-weight);--awb-caption-title-font-style:var(--h2_typography-font-style);--awb-caption-title-size:var(--h2_typography-font-size);--awb-caption-title-transform:var(--h2_typography-text-transform);--awb-caption-title-line-height:var(--h2_typography-line-height);--awb-caption-title-letter-spacing:var(--h2_typography-letter-spacing);\"><span class=\" fusion-imageframe imageframe-none imageframe-3 hover-type-none\"><img decoding=\"async\" width=\"3852\" height=\"2529\" title=\"bilde3\" src=\"http:\/\/www.mbetong.ipage.no\/wp-content\/uploads\/2016\/07\/bilde3.jpg\" alt class=\"img-responsive wp-image-4773\" srcset=\"https:\/\/mbetong.no\/wp-content\/uploads\/2016\/07\/bilde3-200x131.jpg 200w, https:\/\/mbetong.no\/wp-content\/uploads\/2016\/07\/bilde3-400x263.jpg 400w, https:\/\/mbetong.no\/wp-content\/uploads\/2016\/07\/bilde3-600x394.jpg 600w, https:\/\/mbetong.no\/wp-content\/uploads\/2016\/07\/bilde3-800x525.jpg 800w, https:\/\/mbetong.no\/wp-content\/uploads\/2016\/07\/bilde3-1200x788.jpg 1200w, https:\/\/mbetong.no\/wp-content\/uploads\/2016\/07\/bilde3.jpg 3852w\" sizes=\"(max-width: 800px) 100vw, 400px\" \/><\/span><\/div><div class=\"fusion-clearfix\"><\/div><\/div><\/div><div class=\"fusion-layout-column fusion_builder_column fusion-builder-column-4 fusion_builder_column_1_3 1_3 fusion-one-third fusion-column-last\" style=\"--awb-bg-size:cover;width:33.333333333333%;width:calc(33.333333333333% - ( ( 4% + 4% ) * 0.33333333333333 ) );\"><div class=\"fusion-column-wrapper fusion-flex-column-wrapper-legacy\"><div class=\"fusion-image-element in-legacy-container\" style=\"--awb-caption-title-font-family:var(--h2_typography-font-family);--awb-caption-title-font-weight:var(--h2_typography-font-weight);--awb-caption-title-font-style:var(--h2_typography-font-style);--awb-caption-title-size:var(--h2_typography-font-size);--awb-caption-title-transform:var(--h2_typography-text-transform);--awb-caption-title-line-height:var(--h2_typography-line-height);--awb-caption-title-letter-spacing:var(--h2_typography-letter-spacing);\"><span class=\" fusion-imageframe imageframe-none imageframe-4 hover-type-none\"><img decoding=\"async\" width=\"3852\" height=\"2529\" title=\"bilde2\" src=\"http:\/\/www.mbetong.ipage.no\/wp-content\/uploads\/2016\/07\/bilde2.jpg\" alt class=\"img-responsive wp-image-4772\" srcset=\"https:\/\/mbetong.no\/wp-content\/uploads\/2016\/07\/bilde2-200x131.jpg 200w, https:\/\/mbetong.no\/wp-content\/uploads\/2016\/07\/bilde2-400x263.jpg 400w, https:\/\/mbetong.no\/wp-content\/uploads\/2016\/07\/bilde2-600x394.jpg 600w, https:\/\/mbetong.no\/wp-content\/uploads\/2016\/07\/bilde2-800x525.jpg 800w, https:\/\/mbetong.no\/wp-content\/uploads\/2016\/07\/bilde2-1200x788.jpg 1200w, https:\/\/mbetong.no\/wp-content\/uploads\/2016\/07\/bilde2.jpg 3852w\" sizes=\"(max-width: 800px) 100vw, 400px\" \/><\/span><\/div><div class=\"fusion-clearfix\"><\/div><\/div><\/div><\/div><\/div>\n","protected":false},"excerpt":{"rendered":"ProduktkatalogHvem er vi? Midt Norsk betong ble startet i 1953 og er en av kommunens eldste industribedrifter. Vi produserer betongr\u00f8r, kummer og andre spesialprodukter. Bedriften er lokalt eid og er lokalisert i Mosj\u00f8en, p\u00e5 samme [...]","protected":false},"author":4,"featured_media":0,"parent":0,"menu_order":0,"comment_status":"closed","ping_status":"closed","template":"100-width.php","meta":{"footnotes":""},"_links":{"self":[{"href":"https:\/\/mbetong.no\/index.php?rest_route=\/wp\/v2\/pages\/2"}],"collection":[{"href":"https:\/\/mbetong.no\/index.php?rest_route=\/wp\/v2\/pages"}],"about":[{"href":"https:\/\/mbetong.no\/index.php?rest_route=\/wp\/v2\/types\/page"}],"author":[{"embeddable":true,"href":"https:\/\/mbetong.no\/index.php?rest_route=\/wp\/v2\/users\/4"}],"replies":[{"embeddable":true,"href":"https:\/\/mbetong.no\/index.php?rest_route=%2Fwp%2Fv2%2Fcomments&post=2"}],"version-history":[{"count":231,"href":"https:\/\/mbetong.no\/index.php?rest_route=\/wp\/v2\/pages\/2\/revisions"}],"predecessor-version":[{"id":5049,"href":"https:\/\/mbetong.no\/index.php?rest_route=\/wp\/v2\/pages\/2\/revisions\/5049"}],"wp:attachment":[{"href":"https:\/\/mbetong.no\/index.php?rest_route=%2Fwp%2Fv2%2Fmedia&parent=2"}],"curies":[{"name":"wp","href":"https:\/\/api.w.org\/{rel}","templated":true}]}}