{"id":4813,"date":"2018-04-15T11:45:08","date_gmt":"2018-04-15T09:45:08","guid":{"rendered":"http:\/\/www.mbetong.ipage.no\/?page_id=4813"},"modified":"2019-02-08T11:10:25","modified_gmt":"2019-02-08T10:10:25","slug":"sandtak","status":"publish","type":"page","link":"https:\/\/mbetong.no\/?page_id=4813","title":{"rendered":"Sandtak"},"content":{"rendered":"<div class=\"fusion-fullwidth fullwidth-box fusion-builder-row-1 nonhundred-percent-fullwidth non-hundred-percent-height-scrolling\" style=\"--awb-border-radius-top-left:0px;--awb-border-radius-top-right:0px;--awb-border-radius-bottom-right:0px;--awb-border-radius-bottom-left:0px;--awb-flex-wrap:wrap;\" ><div class=\"fusion-builder-row fusion-row\"><div class=\"fusion-layout-column fusion_builder_column fusion-builder-column-0 fusion_builder_column_1_2 1_2 fusion-one-half fusion-column-first\" style=\"--awb-bg-size:cover;width:50%;width:calc(50% - ( ( 4% ) * 0.5 ) );margin-right: 4%;\"><div class=\"fusion-column-wrapper fusion-flex-column-wrapper-legacy\"><div class=\"fusion-text fusion-text-1\"><h2><strong>Sandtak<\/strong><\/h2>\n<p>Midt Norsk Betong Mosj\u00f8en AS driver grustak lokalisert p\u00e5 Stormoen, 22 km s\u00f8r for Mosj\u00f8en. Det produseres tilslag til betong og asfalt i fraksjon 0-4 mm og 0-8 mm. Bedriften er sertifisert av Kontrollr\u00e5det som produsent av tilslag til betong og asfalt.<\/p>\n<p><strong>Maskiner\/utstyr:<\/strong><\/p>\n<ul>\n<li>Mobilt sikteverk, Keestrack Explorer, 2009 mod<\/li>\n<li>Mobilt sikteverk, Finlay 393, 1999 mod<\/li>\n<li>Hjullaster: Volvo 110 L110 H 2018 mod<\/li>\n<li>Gravemaskin: Daewoo 255 LC, 2009mod<\/li>\n<li>Dumper: Volvo A25D 2007 mod<\/li>\n<li>Volvo FMX 500 tippbil, 2014 mod<\/li>\n<li>Tilhenger Carnehl, 2004 mod<\/li>\n<\/ul>\n<p><strong>Produkter<\/strong><\/p>\n<p><strong>Tilslag til betong<\/strong><\/p>\n<ul>\n<li>0 \u2013 4 mm<\/li>\n<li>0 \u2013 8 mm<\/li>\n<\/ul>\n<p><strong>Sandkassesand<\/strong><\/p>\n<ul>\n<li><strong>\u00a00 \u2013 4 mm<\/strong><\/li>\n<\/ul>\n<p><strong>Huskestativsand <\/strong><\/p>\n<ul>\n<li><strong>0 \u2013 4mm<\/strong><\/li>\n<\/ul>\n<p><strong>Sams fyllmasse <\/strong><\/p>\n<ul>\n<li><strong>0 -150 mm<\/strong><\/li>\n<\/ul>\n<p><strong>Natursingel<\/strong><\/p>\n<ul>\n<li>2 \u2013 5 mm<\/li>\n<li>4 \u2013 8 mm<\/li>\n<li>8 \u2013 16 mm<\/li>\n<li>16 \u2013 32 mm<\/li>\n<li>32 \u2013 65 mm<\/li>\n<\/ul>\n<p><strong>Veg-grus<\/strong><\/p>\n<ul>\n<li>0 \u2013 8 mm<\/li>\n<\/ul>\n<p><strong>Kabelsand <\/strong><\/p>\n<ul>\n<li>0 \u2013 4 mm<\/li>\n<li>0\u00a0\u2013 8 mm<\/li>\n<\/ul>\n<\/div><div class=\"fusion-clearfix\"><\/div><\/div><\/div><div class=\"fusion-layout-column fusion_builder_column fusion-builder-column-1 fusion_builder_column_1_2 1_2 fusion-one-half fusion-column-last\" style=\"--awb-bg-size:cover;width:50%;width:calc(50% - ( ( 4% ) * 0.5 ) );\"><div class=\"fusion-column-wrapper fusion-flex-column-wrapper-legacy\"><div class=\"fusion-image-element in-legacy-container\" style=\"--awb-caption-title-font-family:var(--h2_typography-font-family);--awb-caption-title-font-weight:var(--h2_typography-font-weight);--awb-caption-title-font-style:var(--h2_typography-font-style);--awb-caption-title-size:var(--h2_typography-font-size);--awb-caption-title-transform:var(--h2_typography-text-transform);--awb-caption-title-line-height:var(--h2_typography-line-height);--awb-caption-title-letter-spacing:var(--h2_typography-letter-spacing);\"><span class=\" fusion-imageframe imageframe-none imageframe-1 hover-type-none\"><img decoding=\"async\" width=\"788\" height=\"730\" title=\"Midt-norsk betong\" src=\"http:\/\/www.mbetong.ipage.no\/wp-content\/uploads\/2018\/04\/sandtak.png\" alt class=\"img-responsive wp-image-4884\" srcset=\"https:\/\/mbetong.no\/wp-content\/uploads\/2018\/04\/sandtak-200x185.png 200w, https:\/\/mbetong.no\/wp-content\/uploads\/2018\/04\/sandtak-400x371.png 400w, https:\/\/mbetong.no\/wp-content\/uploads\/2018\/04\/sandtak-600x556.png 600w, https:\/\/mbetong.no\/wp-content\/uploads\/2018\/04\/sandtak.png 788w\" sizes=\"(max-width: 800px) 100vw, 600px\" \/><\/span><\/div><div class=\"fusion-clearfix\"><\/div><\/div><\/div><\/div><\/div>\n","protected":false},"excerpt":{"rendered":"Sandtak Midt Norsk Betong Mosj\u00f8en AS driver grustak lokalisert p\u00e5 Stormoen, 22 km s\u00f8r for Mosj\u00f8en. Det produseres tilslag til betong og asfalt i fraksjon 0-4 mm og 0-8 mm. Bedriften er sertifisert av Kontrollr\u00e5det [...]","protected":false},"author":4,"featured_media":0,"parent":0,"menu_order":0,"comment_status":"closed","ping_status":"closed","template":"","meta":{"footnotes":""},"_links":{"self":[{"href":"https:\/\/mbetong.no\/index.php?rest_route=\/wp\/v2\/pages\/4813"}],"collection":[{"href":"https:\/\/mbetong.no\/index.php?rest_route=\/wp\/v2\/pages"}],"about":[{"href":"https:\/\/mbetong.no\/index.php?rest_route=\/wp\/v2\/types\/page"}],"author":[{"embeddable":true,"href":"https:\/\/mbetong.no\/index.php?rest_route=\/wp\/v2\/users\/4"}],"replies":[{"embeddable":true,"href":"https:\/\/mbetong.no\/index.php?rest_route=%2Fwp%2Fv2%2Fcomments&post=4813"}],"version-history":[{"count":6,"href":"https:\/\/mbetong.no\/index.php?rest_route=\/wp\/v2\/pages\/4813\/revisions"}],"predecessor-version":[{"id":4974,"href":"https:\/\/mbetong.no\/index.php?rest_route=\/wp\/v2\/pages\/4813\/revisions\/4974"}],"wp:attachment":[{"href":"https:\/\/mbetong.no\/index.php?rest_route=%2Fwp%2Fv2%2Fmedia&parent=4813"}],"curies":[{"name":"wp","href":"https:\/\/api.w.org\/{rel}","templated":true}]}}